{"id":63,"date":"2021-06-07T18:40:32","date_gmt":"2021-06-07T16:40:32","guid":{"rendered":"http:\/\/www.machy.fr\/?page_id=63"},"modified":"2022-01-08T11:35:15","modified_gmt":"2022-01-08T10:35:15","slug":"demarche-administrative","status":"publish","type":"page","link":"https:\/\/www.machy.fr\/index.php\/demarche-administrative\/","title":{"rendered":"Les d\u00e9marches administratives"},"content":{"rendered":"\n<h2 class=\"wp-block-heading\"><span class=\"has-inline-color has-primary-color\">Etat civil :<\/span><\/h2>\n\n\n\n<p><span style=\"color:#1080a9\" class=\"has-inline-color\"> Vous pouvez prendre rendez-vous \u00e0 la mairie de Machy.<\/span><\/p>\n\n\n\n<ul class=\"wp-block-list\"><li><span style=\"color:#1080a9\" class=\"has-inline-color\"><a rel=\"noreferrer noopener\" href=\"https:\/\/www.service-public.fr\/particuliers\/vosdroits\/N359\" data-type=\"URL\" data-id=\"https:\/\/www.service-public.fr\/particuliers\/vosdroits\/N359\" target=\"_blank\">Actes d&rsquo;\u00e9tat civil (mariage, naissance, d\u00e9c\u00e8s)<\/a><\/span><\/li><li><span style=\"color:#1080a9\" class=\"has-inline-color\">Reconnaissance anticip\u00e9e, pacs et bapt\u00eame civil. <\/span><\/li><\/ul>\n\n\n\n<p><\/p>\n\n\n\n<h2 class=\"wp-block-heading\"><span class=\"has-inline-color has-primary-color\">Pi\u00e8ce d&rsquo;<strong>Identit\u00e9 -Passeport :<\/strong> <\/span><\/h2>\n\n\n\n<p><span style=\"color:#0976a5\" class=\"has-inline-color\">La Mairie de Machy n&rsquo;est pas \u00e9quip\u00e9e d&rsquo;une station d&rsquo;enregistrement pour \u00e9tablir une carte d&rsquo;identit\u00e9 ou un passeport, vous pouvez pr\u00e9-remplir votre dossier sur le site ants.gouv.fr, puis prendre rendez vous \u00e0 la mairie de Rue ou \u00e0 la Mairie d&rsquo;Abbeville qui sont<strong> habilit\u00e9es \u00e0 faire les&nbsp;passeports et les cartes d\u2019identit\u00e9 biom\u00e9triques.<\/strong><\/span><\/p>\n\n\n\n<p><span class=\"has-inline-color has-secondary-color\">Site : <\/span><a href=\"https:\/\/ants.gouv.fr\/\"> <span class=\"has-inline-color has-secondary-color\">https:\/\/ants.gouv.fr<\/span><\/a><\/p>\n\n\n\n<p><\/p>\n\n\n\n<p><\/p>\n\n\n\n<h2 class=\"wp-block-heading\"><span class=\"has-inline-color has-primary-color\"><strong>Citoyennet\u00e9 :<\/strong> <\/span><\/h2>\n\n\n\n<p><span style=\"color:#0f7fa8\" class=\"has-inline-color\">Les inscriptions sur les listes \u00e9lectorales sont re\u00e7ues jusqu&rsquo;au 31 d\u00e9cembre pour pouvoir voter l&rsquo;ann\u00e9e suivante dans votre mairie, et joindre une copie des documents suivants&nbsp;: une pi\u00e8ce d&rsquo;identit\u00e9 et un justificatif de domicile.<\/span><\/p>\n\n\n\n<ul class=\"wp-block-list\"><li><a rel=\"noreferrer noopener\" href=\"https:\/\/www.service-public.fr\/particuliers\/vosdroits\/N47\" target=\"_blank\"><span class=\"has-inline-color has-secondary-color\">\u00c9lections<\/span><\/a><\/li><\/ul>\n\n\n\n<p><\/p>\n\n\n\n<h2 class=\"wp-block-heading\"><span class=\"has-inline-color has-primary-color\"><strong>Les travaux<\/strong> : <\/span><\/h2>\n\n\n\n<p><span style=\"color:#1081aa\" class=\"has-inline-color\">La&nbsp;<strong>d\u00e9claration<\/strong>&nbsp;pr\u00e9alable de&nbsp;<strong>travaux<\/strong> est une d\u00e9marche obligatoire pour r\u00e9aliser chez soi des petits&nbsp;<strong>travaux<\/strong>. Ils peuvent concerner un abri de jardin par exemple. Vous trouverez ci-dessous un lien avec les diff\u00e9rents travaux.<\/span><\/p>\n\n\n\n<p><a href=\"https:\/\/www.service-public.fr\/particuliers\/vosdroits\/F17578\"><span class=\"has-inline-color has-secondary-color\">https:\/\/www.service-public.fr\/particuliers\/vosdroits\/F17578<\/span><\/a><\/p>\n\n\n\n<div class=\"wp-block-file\"><a href=\"https:\/\/www.machy.fr\/wp-content\/uploads\/2021\/06\/cerfa_13404-07-1.pdf\">cerfa_13404-07-1<\/a><a href=\"https:\/\/www.machy.fr\/wp-content\/uploads\/2021\/06\/cerfa_13404-07-1.pdf\" class=\"wp-block-file__button\" download>T\u00e9l\u00e9charger<\/a><\/div>\n\n\n\n<p><\/p>\n\n\n\n<p><span style=\"color:#0f7ea7\" class=\"has-inline-color\">Ci dessous un lien concernant les travaux avec permis de construire obligatoire.<\/span><\/p>\n\n\n\n<p><a href=\"https:\/\/www.service-public.fr\/particuliers\/vosdroits\/F1986\"><span class=\"has-inline-color has-secondary-color\">https:\/\/www.service-public.fr\/particuliers\/vosdroits\/F1986<\/span><\/a><\/p>\n\n\n\n<div class=\"wp-block-file\"><a href=\"https:\/\/www.machy.fr\/wp-content\/uploads\/2021\/06\/cerfa_13406-07.pdf\">cerfa_13406-07<\/a><a href=\"https:\/\/www.machy.fr\/wp-content\/uploads\/2021\/06\/cerfa_13406-07.pdf\" class=\"wp-block-file__button\" download>T\u00e9l\u00e9charger<\/a><\/div>\n\n\n\n<h2 class=\"wp-block-heading\">Assistance pour votre demande d&rsquo;autorisation d&rsquo;urbanisme (Service en ligne)<\/h2>\n\n\n\n<p class=\"has-accent-color has-text-color\">Ce service a pour objet de vous orienter dans la constitution de votre dossier de demande d&rsquo;autorisation d&rsquo;urbanisme en suivant 5 \u00e9tapes&nbsp;:<\/p>\n\n\n\n<ol class=\"has-accent-color has-text-color wp-block-list\"><li>Vous d\u00e9crivez votre projet.<\/li><li>Le service s\u00e9lectionne les informations que vous devez renseigner.<\/li><li>Le service vous indique la liste des pi\u00e8ces que vous devez joindre \u00e0 votre dossier, avec les caract\u00e9ristiques attendues pour chacune des pi\u00e8ces.<\/li><li>Vous pouvez visualiser et t\u00e9l\u00e9charger le formulaire en ligne finalis\u00e9.<\/li><li><strong>Si votre commune est raccord\u00e9e, vous pouvez t\u00e9l\u00e9transmettre le dossier \u00e0 l&rsquo;adresse email de la Mairie : MaireMachy@orange.fr<\/strong><\/li><\/ol>\n\n\n\n<p class=\"has-accent-color has-text-color\">Les informations seront enregistr\u00e9es automatiquement au fur et \u00e0 mesure de votre d\u00e9marche sur votre compte Service-Public. Vous pourrez vous interrompre \u00e0 tout moment et reprendre la d\u00e9marche plus tard.<\/p>\n\n\n\n<p class=\"has-secondary-color has-text-color\"><a href=\"https:\/\/www.service-public.fr\/compte\/se-connecter?targetUrl=\/loginSuccessFromSp&amp;typeCompte=particulier\">https:\/\/www.service-public.fr\/compte\/se-connecter?targetUrl=\/loginSuccessFromSp&amp;typeCompte=particulier<\/a><\/p>\n","protected":false},"excerpt":{"rendered":"<p>Etat civil : Vous pouvez prendre rendez-vous \u00e0 la mairie de Machy. Actes d&rsquo;\u00e9tat civil (mariage, naissance, d\u00e9c\u00e8s) Reconnaissance anticip\u00e9e, pacs et bapt\u00eame civil. Pi\u00e8ce d&rsquo;Identit\u00e9 -Passeport : La Mairie de Machy n&rsquo;est pas \u00e9quip\u00e9e d&rsquo;une station d&rsquo;enregistrement pour \u00e9tablir une carte d&rsquo;identit\u00e9 ou un passeport, vous pouvez pr\u00e9-remplir votre dossier sur le site ants.gouv.fr, [&hellip;]<\/p>\n","protected":false},"author":1,"featured_media":0,"parent":0,"menu_order":0,"comment_status":"closed","ping_status":"closed","template":"","meta":{"footnotes":""},"class_list":["post-63","page","type-page","status-publish","hentry"],"_links":{"self":[{"href":"https:\/\/www.machy.fr\/index.php\/wp-json\/wp\/v2\/pages\/63","targetHints":{"allow":["GET"]}}],"collection":[{"href":"https:\/\/www.machy.fr\/index.php\/wp-json\/wp\/v2\/pages"}],"about":[{"href":"https:\/\/www.machy.fr\/index.php\/wp-json\/wp\/v2\/types\/page"}],"author":[{"embeddable":true,"href":"https:\/\/www.machy.fr\/index.php\/wp-json\/wp\/v2\/users\/1"}],"replies":[{"embeddable":true,"href":"https:\/\/www.machy.fr\/index.php\/wp-json\/wp\/v2\/comments?post=63"}],"version-history":[{"count":19,"href":"https:\/\/www.machy.fr\/index.php\/wp-json\/wp\/v2\/pages\/63\/revisions"}],"predecessor-version":[{"id":413,"href":"https:\/\/www.machy.fr\/index.php\/wp-json\/wp\/v2\/pages\/63\/revisions\/413"}],"wp:attachment":[{"href":"https:\/\/www.machy.fr\/index.php\/wp-json\/wp\/v2\/media?parent=63"}],"curies":[{"name":"wp","href":"https:\/\/api.w.org\/{rel}","templated":true}]}}